{"id":3,"date":"2023-09-06T17:28:58","date_gmt":"2023-09-06T17:28:58","guid":{"rendered":"https:\/\/beautiful-raman.92-205-63-64.plesk.page\/?page_id=3"},"modified":"2023-09-08T16:18:02","modified_gmt":"2023-09-08T16:18:02","slug":"privacy-policy","status":"publish","type":"page","link":"https:\/\/studiosony.at\/index.php\/privacy-policy\/","title":{"rendered":"Datenschutzerkl\u00e4rung"},"content":{"rendered":"\n<p id=\"art-main\">Der Schutz Ihrer pers\u00f6nlichen Daten ist uns ein besonderes Anliegen. Wir verarbeiten Ihre Daten daher ausschlie\u00dflich auf Grundlage der gesetzlichen Bestimmungen (DSGVO, TKG 2003).<\/p>\n\n\n\n<p>Diese Datenschutzerkl\u00e4rung bezieht sich nur auf diese Webseite. Falls Sie \u00fcber Links auf unseren Seiten auf andere Seiten weitergeleitet werden, informieren Sie sich direkt auf der weitergeleiteten Webseite \u00fcber den jeweiligen Umgang mit Ihren Daten. Ihre personenbezogenen Daten (z.B. Anrede, Name, Anschrift, E-Mail-Adresse, Telefonnummer, Bankverbindung, Kreditkartennummer) werden von uns nur gem\u00e4\u00df den Bestimmungen des \u00f6sterreichischen Datenschutzrechts verarbeitet. Die nachfolgenden Vorschriften informieren Sie \u00fcber Art, Umfang und Zweck der Erhebung, Verarbeitung und Nutzung personenbezogener Daten.<br>Die Nutzung dieser Webseite ist in der Regel ohne Angabe personenbezogener Daten m\u00f6glich. Soweit auf unseren Seiten personenbezogene Daten (beispielsweise Name, Anschrift oder E-Mail-Adressen) erhoben werden, erfolgt dies, soweit m\u00f6glich, stets auf freiwilliger Basis. Diese Daten werden ohne Ihre ausdr\u00fcckliche Zustimmung nicht an Dritte weitergegeben.<\/p>\n\n\n\n<p><strong>1. Kontakt mit uns<\/strong><br>Wenn Sie per E-Mail Kontakt mit uns aufnehmen, werden Ihre angegebenen Daten zwecks Bearbeitung der Anfrage und f\u00fcr den Fall von Anschlussfragen sechs Monate bei uns gespeichert. Diese Daten geben wir nicht ohne Ihre Einwilligung weiter.<\/p>\n\n\n\n<p><strong>2. Welche Daten wir \u00fcber Sie verarbeiten<\/strong><br>Im Zuge Ihres Besuches dieser Website werden wir folgende Informationen erheben: Das Datum und die Uhrzeit des Aufrufs einer Seite auf unserer Website, Ihre IP-Adresse, Name und Version Ihres Web-Browsers, die Webseite (URL), die Sie vor dem Aufruf dieser Website besucht haben und bestimmte Cookies (siehe Punkt 4) unten.<br>Es besteht keine Verpflichtung, jene Daten, um deren Angabe wir Sie auf unserer Website bitten, tats\u00e4chlich anzugeben. Wenn Sie dies jedoch nicht tun, wird es Ihnen nicht m\u00f6glich sein, alle Funktionen der Website zu nutzen.<\/p>\n\n\n\n<p><strong>3. Links<\/strong><br>Wir \u00fcberpr\u00fcfen Links, die unsere Webseite verlassen, redaktionell sehr sorgf\u00e4ltig. Trotzdem \u00fcbernehmen wir f\u00fcr Inhalte auf Seiten, auf die von dieser Webseite oder von einem anderen Internetauftritt aus gelinkt wird, keinerlei Verantwortung oder Haftung.<\/p>\n\n\n\n<p><strong>4. Cookies<\/strong><br>Auf dieser Website werden sogenannte Cookies verwendet. Ein Cookie ist eine kleine Datei, die auf Ihrem Computer gespeichert werden kann, wenn Sie eine Website besuchen. Grunds\u00e4tzlich werden Cookies verwendet, um Nutzern zus\u00e4tzliche Funktionen auf einer Website zu bieten. Sie k\u00f6nnen zum Beispiel verwendet werden, um Ihnen die Navigation auf einer Website zu erleichtern, es Ihnen zu erm\u00f6glichen, eine Website dort weiter zu verwenden, wo Sie sie verlassen haben und\/oder Ihre Pr\u00e4ferenzen und Einstellungen zu speichern, wenn Sie die Website wieder besuchen. Cookies k\u00f6nnen auf keine anderen Daten auf Ihrem Computer zugreifen, diese lesen oder ver\u00e4ndern.<br>Die meisten der Cookies auf dieser Website sind sogenannte Session-Cookies. Sie werden automatisch gel\u00f6scht, wenn Sie unsere Website wieder verlassen. Dauerhafte Cookies hingegen bleiben auf Ihrem Computer, bis Sie sie manuell in Ihrem Browser l\u00f6schen. Wir verwenden solche dauerhaften Cookies, um Sie wieder zu erkennen, wenn Sie unsere Website das n\u00e4chste Mal besuchen.<br>Wenn Sie Cookies auf Ihrem Computer kontrollieren wollen, k\u00f6nnen Sie ihre Browser-Einstellungen so w\u00e4hlen, dass Sie eine Benachrichtigung bekommen, wenn eine Website Cookies speichern will. Sie k\u00f6nnen Cookies auch blockieren oder l\u00f6schen, wenn sie bereits auf Ihrem Computer gespeichert wurden. Wenn Sie mehr dar\u00fcber wissen m\u00f6chten, wie Sie diese Schritte setzen k\u00f6nnen, ben\u00fctzen Sie bitte die \u201eHilfe\u201c-Funktion in Ihrem Browser.<br>Beachten Sie bitte, dass das Blockieren oder L\u00f6schen von Cookies Ihre Online-Erfahrung beeintr\u00e4chtigen und Sie daran hindern k\u00f6nnte, diese Website vollst\u00e4ndig zu nutzen.<\/p>\n\n\n\n<p><strong>5. Zwecke der Datenverarbeitung<\/strong><br>Wir werden Ihre personenbezogenen Daten zu folgenden Zwecken verarbeiten:<br>um Ihnen diese Website zur Verf\u00fcgung zu stellen und um diese Website weiter zu verbessern und zu entwickeln;<br>um Nutzungsstatistiken erstellen zu k\u00f6nnen;<br>um Angriffe auf unsere Website erkennen, verhindern und untersuchen zu k\u00f6nnen;<br>um auf Ihre (Mail-)Anfragen zu antworten;<\/p>\n\n\n\n<p><strong>6. Rechtsgrundlagen der Verarbeitung<\/strong><br>Die rechtliche Grundlage f\u00fcr die Verarbeitung Ihrer personenbezogenen Daten ist unser \u00fcberwiegendes berechtigtes Interesse (gem\u00e4\u00df Art 6 Abs 1 lit f EU Datenschutz-Grundverordnung), welches darin besteht, die oben unter Punkt 5 genannten Zwecke zu erreichen.<\/p>\n\n\n\n<p><strong>7. \u00dcbermittlung Ihrer personenbezogenen Daten<\/strong><br>Zu den oben genannten Zwecken werden wir Ihre personenbezogenen Daten an folgende Empf\u00e4nger \u00fcbermitteln:<br>Google Fonts: Google Inc., 1600 Amphitheatre Parkway, Mountain View, CA 94043, USA (\u201eGoogle\u201c)<br>Manche der oben genannten Empf\u00e4nger befinden sich au\u00dferhalb Ihres Landes oder verarbeiten dort Ihre personenbezogenen Daten. Das Datenschutzniveau in anderen L\u00e4ndern entspricht unter Umst\u00e4nden nicht dem Ihres Landes. Wir \u00fcbermitteln Ihre personenbezogenen Daten jedoch nur in L\u00e4nder, f\u00fcr welche die EU-Kommission entschieden hat, dass sie \u00fcber ein angemessenes Datenschutzniveau verf\u00fcgen oder mit denen Abkommen bestehen, die ein entsprechendes Datenschutzniveau sicherstellen.<\/p>\n\n\n\n<p><strong>8. Dauer der Speicherung<\/strong><br>Wir werden Ihre Daten grunds\u00e4tzlich f\u00fcr eine Dauer von drei Monaten speichern. Eine l\u00e4ngere Speicherung erfolgt nur, soweit dies erforderlich ist, um festgestellte Angriffe auf unsere Website zu untersuchen.<br>Wenn Sie sich schriftlich oder auf unserer Website registrieren, werden wir Ihre Daten jedenfalls so lange speichern, so lange Ihr Account besteht und danach f\u00fcr nur so lange, wie rechtliche Verpflichtungen dies vorsehen.<\/p>\n\n\n\n<p><strong>9. SSL-Verschl\u00fcsselung<\/strong><br>Diese Seite nutzt aus Gr\u00fcnden der Sicherheit und zum Schutz der \u00dcbertragung vertraulicher Inhalte, wie zum Beispiel der Anfragen, die Sie an uns als Seitenbetreiber senden, eine SSL-Verschl\u00fcsselung. Eine verschl\u00fcsselte Verbindung erkennen Sie daran, dass die Adresszeile des Browsers von \u201ehttp:\/\/\u201c auf \u201ehttps:\/\/\u201c wechselt und an dem Schloss-Symbol in Ihrer Browserzeile.<br>Wenn die SSL Verschl\u00fcsselung aktiviert ist, k\u00f6nnen die Daten, die Sie an uns \u00fcbermitteln, nicht von Dritten mitgelesen werden.<\/p>\n\n\n\n<p><strong>10. Ihre Rechte im Zusammenhang mit personenbezogenen Daten<\/strong><br>Sie sind unter anderem berechtigt (unter den Voraussetzungen anwendbaren Rechts), (i) zu \u00fcberpr\u00fcfen, ob und welche personenbezogenen Daten wir \u00fcber Sie gespeichert haben und Kopien dieser Daten zu erhalten, (ii) die Berichtigung, Erg\u00e4nzung oder das L\u00f6schen Ihrer personenbezogenen Daten, die falsch sind oder nicht rechtskonform verarbeitet werden, zu verlangen, (iii) von uns zu verlangen, die Verarbeitung Ihrer personenbezogenen Daten einzuschr\u00e4nken, und (iv) unter bestimmten Umst\u00e4nden der Verarbeitung Ihrer personenbezogenen Daten zu widersprechen oder die f\u00fcr das Verarbeiten zuvor gegebene Einwilligung zu widerrufen, (v) Daten\u00fcbertragbarkeit zu verlangen, (vi) die Identit\u00e4t von Dritten, an welche Ihre personenbezogenen Daten \u00fcbermittelt werden, zu kennen und (vii) bei der zust\u00e4ndigen Beh\u00f6rde Beschwerde zu erheben.<\/p>\n\n\n\n<p><strong>11. Unsere Kontaktdaten<\/strong><br>Sollten Sie zu der Verarbeitung Ihrer personenbezogenen Daten Fragen oder Anliegen haben, wenden Sie sich bitte an uns:<\/p>\n\n\n\n<p><strong>STUDIO SONY<br><\/strong><strong>Tischer KG<\/strong><br><strong>Grafikstudio &amp; Werbeagentur<\/strong><br><strong>Burgunderweg 3<\/strong><br><strong>2751 Matzendorf<\/strong><\/p>\n\n\n\n<p>Mobil:\u00a0+43 664-520 13 33<br>Mail:\u00a0<a href=\"mailto:%20%3Cscript%20language='JavaScript'%20type='text\/javascript'%3E%20%3C!--%20var%20prefix%20=%20'ma'%20+%20'il'%20+%20'to';%20var%20path%20=%20'hr'%20+%20'ef'%20+%20'=';%20var%20addy56287%20=%20'office'%20+%20'@';%20addy56287%20=%20addy56287%20+%20'studiosony'%20+%20'.'%20+%20'at';%20document.write(%20'%3Ca%20'%20+%20path%20+%20'\\''%20+%20prefix%20+%20':'%20+%20addy56287%20+%20'\\'%3E'%20);%20document.write(%20addy56287%20);%20document.write(%20'%3C\\\/a%3E'%20);%20\/\/--%3E\\n%20%3C\/script%3E%3Cscript%20language='JavaScript'%20type='text\/javascript'%3E%20%3C!--%20document.write(%20'%3Cspan%20style=\\'display:%20none;\\'%3E'%20);%20\/\/--%3E%20%3C\/script%3EDiese%20E-Mail-Adresse%20ist%20gegen%20Spambots%20gesch%C3%BCtzt!%20JavaScript%20muss%20aktiviert%20werden,%20damit%20sie%20angezeigt%20werden%20kann.%20%3Cscript%20language='JavaScript'%20type='text\/javascript'%3E%20%3C!--%20document.write(%20'%3C\/'%20);%20document.write(%20'span%3E'%20);%20\/\/--%3E%20%3C\/script%3E\">\u00a0<\/a><a href=\"mailto:office@studiosony.at\">office@studiosony.at<\/a><br>Web:\u00a0<a href=\"http:\/\/www.studiosony.at\/\">www.studiosony.at<\/a><\/p>\n\n\n\n<p>Es ist kein Datenschutzbeauftragter bestellt, da dies gesetzlich nicht notwendig ist.<\/p>\n","protected":false},"excerpt":{"rendered":"<p>Der Schutz Ihrer pers\u00f6nlichen Daten ist uns ein besonderes Anliegen. Wir verarbeiten Ihre Daten daher ausschlie\u00dflich auf Grundlage der gesetzlichen Bestimmungen (DSGVO, TKG 2003). Diese Datenschutzerkl\u00e4rung bezieht sich nur auf diese Webseite. Falls Sie \u00fcber Links auf unseren Seiten auf andere Seiten weitergeleitet werden, informieren Sie sich direkt auf der weitergeleiteten Webseite \u00fcber den jeweiligen&#8230;<\/p>\n","protected":false},"author":1,"featured_media":0,"parent":0,"menu_order":0,"comment_status":"closed","ping_status":"closed","template":"","meta":{"_kad_post_transparent":"","_kad_post_title":"","_kad_post_layout":"","_kad_post_sidebar_id":"","_kad_post_content_style":"","_kad_post_vertical_padding":"","_kad_post_feature":"","_kad_post_feature_position":"","_kad_post_header":false,"_kad_post_footer":false,"footnotes":""},"yoast_head":"<!-- This site is optimized with the Yoast SEO plugin v23.5 - https:\/\/yoast.com\/wordpress\/plugins\/seo\/ -->\n<title>Datenschutzerkl\u00e4rung - Studiosony<\/title>\n<meta name=\"robots\" content=\"index, follow, max-snippet:-1, max-image-preview:large, max-video-preview:-1\" \/>\n<link rel=\"canonical\" href=\"https:\/\/studiosony.at\/index.php\/privacy-policy\/\" \/>\n<meta property=\"og:locale\" content=\"de_DE\" \/>\n<meta property=\"og:type\" content=\"article\" \/>\n<meta property=\"og:title\" content=\"Datenschutzerkl\u00e4rung - Studiosony\" \/>\n<meta property=\"og:description\" content=\"Der Schutz Ihrer pers\u00f6nlichen Daten ist uns ein besonderes Anliegen. Wir verarbeiten Ihre Daten daher ausschlie\u00dflich auf Grundlage der gesetzlichen Bestimmungen (DSGVO, TKG 2003). Diese Datenschutzerkl\u00e4rung bezieht sich nur auf diese Webseite. Falls Sie \u00fcber Links auf unseren Seiten auf andere Seiten weitergeleitet werden, informieren Sie sich direkt auf der weitergeleiteten Webseite \u00fcber den jeweiligen...\" \/>\n<meta property=\"og:url\" content=\"https:\/\/studiosony.at\/index.php\/privacy-policy\/\" \/>\n<meta property=\"og:site_name\" content=\"Studiosony\" \/>\n<meta property=\"article:modified_time\" content=\"2023-09-08T16:18:02+00:00\" \/>\n<meta name=\"twitter:card\" content=\"summary_large_image\" \/>\n<meta name=\"twitter:label1\" content=\"Gesch\u00e4tzte Lesezeit\" \/>\n\t<meta name=\"twitter:data1\" content=\"6\u00a0Minuten\" \/>\n<script type=\"application\/ld+json\" class=\"yoast-schema-graph\">{\"@context\":\"https:\/\/schema.org\",\"@graph\":[{\"@type\":\"WebPage\",\"@id\":\"https:\/\/studiosony.at\/index.php\/privacy-policy\/\",\"url\":\"https:\/\/studiosony.at\/index.php\/privacy-policy\/\",\"name\":\"Datenschutzerkl\u00e4rung - Studiosony\",\"isPartOf\":{\"@id\":\"https:\/\/studiosony.at\/#website\"},\"datePublished\":\"2023-09-06T17:28:58+00:00\",\"dateModified\":\"2023-09-08T16:18:02+00:00\",\"breadcrumb\":{\"@id\":\"https:\/\/studiosony.at\/index.php\/privacy-policy\/#breadcrumb\"},\"inLanguage\":\"de\",\"potentialAction\":[{\"@type\":\"ReadAction\",\"target\":[\"https:\/\/studiosony.at\/index.php\/privacy-policy\/\"]}]},{\"@type\":\"BreadcrumbList\",\"@id\":\"https:\/\/studiosony.at\/index.php\/privacy-policy\/#breadcrumb\",\"itemListElement\":[{\"@type\":\"ListItem\",\"position\":1,\"name\":\"Startseite\",\"item\":\"https:\/\/studiosony.at\/\"},{\"@type\":\"ListItem\",\"position\":2,\"name\":\"Datenschutzerkl\u00e4rung\"}]},{\"@type\":\"WebSite\",\"@id\":\"https:\/\/studiosony.at\/#website\",\"url\":\"https:\/\/studiosony.at\/\",\"name\":\"Studiosony\",\"description\":\"\",\"publisher\":{\"@id\":\"https:\/\/studiosony.at\/#organization\"},\"potentialAction\":[{\"@type\":\"SearchAction\",\"target\":{\"@type\":\"EntryPoint\",\"urlTemplate\":\"https:\/\/studiosony.at\/?s={search_term_string}\"},\"query-input\":{\"@type\":\"PropertyValueSpecification\",\"valueRequired\":true,\"valueName\":\"search_term_string\"}}],\"inLanguage\":\"de\"},{\"@type\":\"Organization\",\"@id\":\"https:\/\/studiosony.at\/#organization\",\"name\":\"Studiosony\",\"url\":\"https:\/\/studiosony.at\/\",\"logo\":{\"@type\":\"ImageObject\",\"inLanguage\":\"de\",\"@id\":\"https:\/\/studiosony.at\/#\/schema\/logo\/image\/\",\"url\":\"https:\/\/studiosony.at\/wp-content\/uploads\/2023\/09\/cropped-Logo-fuer-HP_wb-Unicode-Codierungskonflikt.jpg\",\"contentUrl\":\"https:\/\/studiosony.at\/wp-content\/uploads\/2023\/09\/cropped-Logo-fuer-HP_wb-Unicode-Codierungskonflikt.jpg\",\"width\":1500,\"height\":458,\"caption\":\"Studiosony\"},\"image\":{\"@id\":\"https:\/\/studiosony.at\/#\/schema\/logo\/image\/\"}}]}<\/script>\n<!-- \/ Yoast SEO plugin. -->","yoast_head_json":{"title":"Datenschutzerkl\u00e4rung - Studiosony","robots":{"index":"index","follow":"follow","max-snippet":"max-snippet:-1","max-image-preview":"max-image-preview:large","max-video-preview":"max-video-preview:-1"},"canonical":"https:\/\/studiosony.at\/index.php\/privacy-policy\/","og_locale":"de_DE","og_type":"article","og_title":"Datenschutzerkl\u00e4rung - Studiosony","og_description":"Der Schutz Ihrer pers\u00f6nlichen Daten ist uns ein besonderes Anliegen. Wir verarbeiten Ihre Daten daher ausschlie\u00dflich auf Grundlage der gesetzlichen Bestimmungen (DSGVO, TKG 2003). Diese Datenschutzerkl\u00e4rung bezieht sich nur auf diese Webseite. Falls Sie \u00fcber Links auf unseren Seiten auf andere Seiten weitergeleitet werden, informieren Sie sich direkt auf der weitergeleiteten Webseite \u00fcber den jeweiligen...","og_url":"https:\/\/studiosony.at\/index.php\/privacy-policy\/","og_site_name":"Studiosony","article_modified_time":"2023-09-08T16:18:02+00:00","twitter_card":"summary_large_image","twitter_misc":{"Gesch\u00e4tzte Lesezeit":"6\u00a0Minuten"},"schema":{"@context":"https:\/\/schema.org","@graph":[{"@type":"WebPage","@id":"https:\/\/studiosony.at\/index.php\/privacy-policy\/","url":"https:\/\/studiosony.at\/index.php\/privacy-policy\/","name":"Datenschutzerkl\u00e4rung - Studiosony","isPartOf":{"@id":"https:\/\/studiosony.at\/#website"},"datePublished":"2023-09-06T17:28:58+00:00","dateModified":"2023-09-08T16:18:02+00:00","breadcrumb":{"@id":"https:\/\/studiosony.at\/index.php\/privacy-policy\/#breadcrumb"},"inLanguage":"de","potentialAction":[{"@type":"ReadAction","target":["https:\/\/studiosony.at\/index.php\/privacy-policy\/"]}]},{"@type":"BreadcrumbList","@id":"https:\/\/studiosony.at\/index.php\/privacy-policy\/#breadcrumb","itemListElement":[{"@type":"ListItem","position":1,"name":"Startseite","item":"https:\/\/studiosony.at\/"},{"@type":"ListItem","position":2,"name":"Datenschutzerkl\u00e4rung"}]},{"@type":"WebSite","@id":"https:\/\/studiosony.at\/#website","url":"https:\/\/studiosony.at\/","name":"Studiosony","description":"","publisher":{"@id":"https:\/\/studiosony.at\/#organization"},"potentialAction":[{"@type":"SearchAction","target":{"@type":"EntryPoint","urlTemplate":"https:\/\/studiosony.at\/?s={search_term_string}"},"query-input":{"@type":"PropertyValueSpecification","valueRequired":true,"valueName":"search_term_string"}}],"inLanguage":"de"},{"@type":"Organization","@id":"https:\/\/studiosony.at\/#organization","name":"Studiosony","url":"https:\/\/studiosony.at\/","logo":{"@type":"ImageObject","inLanguage":"de","@id":"https:\/\/studiosony.at\/#\/schema\/logo\/image\/","url":"https:\/\/studiosony.at\/wp-content\/uploads\/2023\/09\/cropped-Logo-fuer-HP_wb-Unicode-Codierungskonflikt.jpg","contentUrl":"https:\/\/studiosony.at\/wp-content\/uploads\/2023\/09\/cropped-Logo-fuer-HP_wb-Unicode-Codierungskonflikt.jpg","width":1500,"height":458,"caption":"Studiosony"},"image":{"@id":"https:\/\/studiosony.at\/#\/schema\/logo\/image\/"}}]}},"jetpack_sharing_enabled":true,"_links":{"self":[{"href":"https:\/\/studiosony.at\/index.php\/wp-json\/wp\/v2\/pages\/3"}],"collection":[{"href":"https:\/\/studiosony.at\/index.php\/wp-json\/wp\/v2\/pages"}],"about":[{"href":"https:\/\/studiosony.at\/index.php\/wp-json\/wp\/v2\/types\/page"}],"author":[{"embeddable":true,"href":"https:\/\/studiosony.at\/index.php\/wp-json\/wp\/v2\/users\/1"}],"replies":[{"embeddable":true,"href":"https:\/\/studiosony.at\/index.php\/wp-json\/wp\/v2\/comments?post=3"}],"version-history":[{"count":2,"href":"https:\/\/studiosony.at\/index.php\/wp-json\/wp\/v2\/pages\/3\/revisions"}],"predecessor-version":[{"id":183,"href":"https:\/\/studiosony.at\/index.php\/wp-json\/wp\/v2\/pages\/3\/revisions\/183"}],"wp:attachment":[{"href":"https:\/\/studiosony.at\/index.php\/wp-json\/wp\/v2\/media?parent=3"}],"curies":[{"name":"wp","href":"https:\/\/api.w.org\/{rel}","templated":true}]}}