{"id":94,"date":"2023-09-06T19:27:58","date_gmt":"2023-09-06T19:27:58","guid":{"rendered":"https:\/\/beautiful-raman.92-205-63-64.plesk.page\/?page_id=94"},"modified":"2023-09-07T08:54:32","modified_gmt":"2023-09-07T08:54:32","slug":"impressum","status":"publish","type":"page","link":"https:\/\/studiosony.at\/index.php\/impressum\/","title":{"rendered":"Impressum"},"content":{"rendered":"\n<p>STUDIO SONY<br>Tischer KG<br>Grafikstudio &amp; Werbeagentur | Burgunderweg 3 | 2751 Matzendorf<br>UID: ATU 54621404 | Firmenbuchnummer: FN 221807m<\/p>\n\n\n\n<p><strong>Grundlegende Richtung der Website<\/strong><br>Diese Website stellt Informationen zu unseren Produkten und Leistungen dar.<\/p>\n\n\n\n<p><strong>Datenschutzrichtlinie<\/strong><br>Die Einhaltung der geltenden gesetzlichen Bestimmungen zum Datenschutz personenbezogener Daten ist f\u00fcr uns selbstverst\u00e4ndlich. Gem\u00e4\u00df Datenschutzgesetz (DSG 2000) sind personenbezogene Daten Informationen, die genutzt werden k\u00f6nnen, um die Identit\u00e4t von Web-Benutzern zu erfahren. Darunter fallen Informationen wie Name, Adresse, Postanschrift, Telefonnummer etc. S\u00e4mtliche Informationen, die nicht direkt mit der tats\u00e4chlichen Identit\u00e4t des Benutzers in Verbindung gebracht werden k\u00f6nnen fallen somit nicht darunter.<\/p>\n\n\n\n<p>Bei einem Besuch dieser Website erheben wir ohne Ihrer freiwilligen Anmeldung keine personenbezogenen Daten von Ihnen. Es fallen jedoch automatisch Daten an, die \u00fcber sog. Cookies in einer Protokolldatei auf unserem Server gespeichert und ausschlie\u00dflich anonym zu Statistikzwecken ausgewertet werden.<\/p>\n\n\n\n<p>Bei Bedarf und soferne Sie einen personalisierten, interaktiven bzw. Mail-Dienst auf unserer Website verwenden, erfassen wir von Ihnen pers\u00f6nliche Informationen. Wir verwenden diese personenbezogenen Daten nur innerhalb unseres Unternehmens. Diese Daten werden nicht an Dritte weitergegeben, es sei denn, dies ist zur Vertragserf\u00fcllung erforderlich oder wir werden gesetzlich dazu verpflichtet.<\/p>\n\n\n\n<p><strong>Dateninfostelle<\/strong><br>Sie haben das Recht zu erfahren, welche personenbezogenen Daten gesammelt wurden. Unsere Dateninsfostelle erreichen Sie unter der E-Mail Adresse&nbsp;<a href=\"mailto:office@studiosony.at\">office@studiosony.at<\/a>.<\/p>\n\n\n\n<p><strong>Auskunftsrecht<\/strong><br>Auf Ihre schriftliche Anfrage werden wir Sie \u00fcber die zu Ihrer Person gespeicherten Daten informieren.<\/p>\n\n\n\n<p><strong>M\u00f6glichkeit der Richtigstellung oder L\u00f6schung<\/strong><br>Auf Ihre schriftliche Anfrage werden wir unrichtige Daten richtig stellen bzw. auf Wunsch entsprechend l\u00f6schen.<\/p>\n\n\n\n<p><strong>Widerspruchsrecht<\/strong><br>Sie haben das Recht auf jederzeitigen Widerruf der Einwilligung zur Datenverarbeitung und -Verwendung mit Wirkung f\u00fcr die Zukunft. Hierzu senden Sie uns bitte eine E-Mail, mit der Angabe Ihrer Anschrift, Geburtsdatum und Ihrer E-Mail-Adresse. Wir werden dann Ihre Daten umgehend und vollst\u00e4ndig l\u00f6schen.<\/p>\n","protected":false},"excerpt":{"rendered":"<p>STUDIO SONYTischer KGGrafikstudio &amp; Werbeagentur | Burgunderweg 3 | 2751 MatzendorfUID: ATU 54621404 | Firmenbuchnummer: FN 221807m Grundlegende Richtung der WebsiteDiese Website stellt Informationen zu unseren Produkten und Leistungen dar. DatenschutzrichtlinieDie Einhaltung der geltenden gesetzlichen Bestimmungen zum Datenschutz personenbezogener Daten ist f\u00fcr uns selbstverst\u00e4ndlich. Gem\u00e4\u00df Datenschutzgesetz (DSG 2000) sind personenbezogene Daten Informationen, die genutzt werden&#8230;<\/p>\n","protected":false},"author":1,"featured_media":0,"parent":0,"menu_order":0,"comment_status":"closed","ping_status":"closed","template":"","meta":{"_kad_post_transparent":"","_kad_post_title":"","_kad_post_layout":"","_kad_post_sidebar_id":"","_kad_post_content_style":"","_kad_post_vertical_padding":"","_kad_post_feature":"","_kad_post_feature_position":"","_kad_post_header":false,"_kad_post_footer":false,"footnotes":""},"yoast_head":"<!-- This site is optimized with the Yoast SEO plugin v23.5 - https:\/\/yoast.com\/wordpress\/plugins\/seo\/ -->\n<title>Impressum - Studiosony<\/title>\n<meta name=\"robots\" content=\"index, follow, max-snippet:-1, max-image-preview:large, max-video-preview:-1\" \/>\n<link rel=\"canonical\" href=\"https:\/\/studiosony.at\/index.php\/impressum\/\" \/>\n<meta property=\"og:locale\" content=\"de_DE\" \/>\n<meta property=\"og:type\" content=\"article\" \/>\n<meta property=\"og:title\" content=\"Impressum - Studiosony\" \/>\n<meta property=\"og:description\" content=\"STUDIO SONYTischer KGGrafikstudio &amp; Werbeagentur | Burgunderweg 3 | 2751 MatzendorfUID: ATU 54621404 | Firmenbuchnummer: FN 221807m Grundlegende Richtung der WebsiteDiese Website stellt Informationen zu unseren Produkten und Leistungen dar. DatenschutzrichtlinieDie Einhaltung der geltenden gesetzlichen Bestimmungen zum Datenschutz personenbezogener Daten ist f\u00fcr uns selbstverst\u00e4ndlich. Gem\u00e4\u00df Datenschutzgesetz (DSG 2000) sind personenbezogene Daten Informationen, die genutzt werden...\" \/>\n<meta property=\"og:url\" content=\"https:\/\/studiosony.at\/index.php\/impressum\/\" \/>\n<meta property=\"og:site_name\" content=\"Studiosony\" \/>\n<meta property=\"article:modified_time\" content=\"2023-09-07T08:54:32+00:00\" \/>\n<meta name=\"twitter:card\" content=\"summary_large_image\" \/>\n<meta name=\"twitter:label1\" content=\"Gesch\u00e4tzte Lesezeit\" \/>\n\t<meta name=\"twitter:data1\" content=\"2\u00a0Minuten\" \/>\n<script type=\"application\/ld+json\" class=\"yoast-schema-graph\">{\"@context\":\"https:\/\/schema.org\",\"@graph\":[{\"@type\":\"WebPage\",\"@id\":\"https:\/\/studiosony.at\/index.php\/impressum\/\",\"url\":\"https:\/\/studiosony.at\/index.php\/impressum\/\",\"name\":\"Impressum - Studiosony\",\"isPartOf\":{\"@id\":\"https:\/\/studiosony.at\/#website\"},\"datePublished\":\"2023-09-06T19:27:58+00:00\",\"dateModified\":\"2023-09-07T08:54:32+00:00\",\"breadcrumb\":{\"@id\":\"https:\/\/studiosony.at\/index.php\/impressum\/#breadcrumb\"},\"inLanguage\":\"de\",\"potentialAction\":[{\"@type\":\"ReadAction\",\"target\":[\"https:\/\/studiosony.at\/index.php\/impressum\/\"]}]},{\"@type\":\"BreadcrumbList\",\"@id\":\"https:\/\/studiosony.at\/index.php\/impressum\/#breadcrumb\",\"itemListElement\":[{\"@type\":\"ListItem\",\"position\":1,\"name\":\"Startseite\",\"item\":\"https:\/\/studiosony.at\/\"},{\"@type\":\"ListItem\",\"position\":2,\"name\":\"Impressum\"}]},{\"@type\":\"WebSite\",\"@id\":\"https:\/\/studiosony.at\/#website\",\"url\":\"https:\/\/studiosony.at\/\",\"name\":\"Studiosony\",\"description\":\"\",\"publisher\":{\"@id\":\"https:\/\/studiosony.at\/#organization\"},\"potentialAction\":[{\"@type\":\"SearchAction\",\"target\":{\"@type\":\"EntryPoint\",\"urlTemplate\":\"https:\/\/studiosony.at\/?s={search_term_string}\"},\"query-input\":{\"@type\":\"PropertyValueSpecification\",\"valueRequired\":true,\"valueName\":\"search_term_string\"}}],\"inLanguage\":\"de\"},{\"@type\":\"Organization\",\"@id\":\"https:\/\/studiosony.at\/#organization\",\"name\":\"Studiosony\",\"url\":\"https:\/\/studiosony.at\/\",\"logo\":{\"@type\":\"ImageObject\",\"inLanguage\":\"de\",\"@id\":\"https:\/\/studiosony.at\/#\/schema\/logo\/image\/\",\"url\":\"https:\/\/studiosony.at\/wp-content\/uploads\/2023\/09\/cropped-Logo-fuer-HP_wb-Unicode-Codierungskonflikt.jpg\",\"contentUrl\":\"https:\/\/studiosony.at\/wp-content\/uploads\/2023\/09\/cropped-Logo-fuer-HP_wb-Unicode-Codierungskonflikt.jpg\",\"width\":1500,\"height\":458,\"caption\":\"Studiosony\"},\"image\":{\"@id\":\"https:\/\/studiosony.at\/#\/schema\/logo\/image\/\"}}]}<\/script>\n<!-- \/ Yoast SEO plugin. -->","yoast_head_json":{"title":"Impressum - Studiosony","robots":{"index":"index","follow":"follow","max-snippet":"max-snippet:-1","max-image-preview":"max-image-preview:large","max-video-preview":"max-video-preview:-1"},"canonical":"https:\/\/studiosony.at\/index.php\/impressum\/","og_locale":"de_DE","og_type":"article","og_title":"Impressum - Studiosony","og_description":"STUDIO SONYTischer KGGrafikstudio &amp; Werbeagentur | Burgunderweg 3 | 2751 MatzendorfUID: ATU 54621404 | Firmenbuchnummer: FN 221807m Grundlegende Richtung der WebsiteDiese Website stellt Informationen zu unseren Produkten und Leistungen dar. DatenschutzrichtlinieDie Einhaltung der geltenden gesetzlichen Bestimmungen zum Datenschutz personenbezogener Daten ist f\u00fcr uns selbstverst\u00e4ndlich. Gem\u00e4\u00df Datenschutzgesetz (DSG 2000) sind personenbezogene Daten Informationen, die genutzt werden...","og_url":"https:\/\/studiosony.at\/index.php\/impressum\/","og_site_name":"Studiosony","article_modified_time":"2023-09-07T08:54:32+00:00","twitter_card":"summary_large_image","twitter_misc":{"Gesch\u00e4tzte Lesezeit":"2\u00a0Minuten"},"schema":{"@context":"https:\/\/schema.org","@graph":[{"@type":"WebPage","@id":"https:\/\/studiosony.at\/index.php\/impressum\/","url":"https:\/\/studiosony.at\/index.php\/impressum\/","name":"Impressum - Studiosony","isPartOf":{"@id":"https:\/\/studiosony.at\/#website"},"datePublished":"2023-09-06T19:27:58+00:00","dateModified":"2023-09-07T08:54:32+00:00","breadcrumb":{"@id":"https:\/\/studiosony.at\/index.php\/impressum\/#breadcrumb"},"inLanguage":"de","potentialAction":[{"@type":"ReadAction","target":["https:\/\/studiosony.at\/index.php\/impressum\/"]}]},{"@type":"BreadcrumbList","@id":"https:\/\/studiosony.at\/index.php\/impressum\/#breadcrumb","itemListElement":[{"@type":"ListItem","position":1,"name":"Startseite","item":"https:\/\/studiosony.at\/"},{"@type":"ListItem","position":2,"name":"Impressum"}]},{"@type":"WebSite","@id":"https:\/\/studiosony.at\/#website","url":"https:\/\/studiosony.at\/","name":"Studiosony","description":"","publisher":{"@id":"https:\/\/studiosony.at\/#organization"},"potentialAction":[{"@type":"SearchAction","target":{"@type":"EntryPoint","urlTemplate":"https:\/\/studiosony.at\/?s={search_term_string}"},"query-input":{"@type":"PropertyValueSpecification","valueRequired":true,"valueName":"search_term_string"}}],"inLanguage":"de"},{"@type":"Organization","@id":"https:\/\/studiosony.at\/#organization","name":"Studiosony","url":"https:\/\/studiosony.at\/","logo":{"@type":"ImageObject","inLanguage":"de","@id":"https:\/\/studiosony.at\/#\/schema\/logo\/image\/","url":"https:\/\/studiosony.at\/wp-content\/uploads\/2023\/09\/cropped-Logo-fuer-HP_wb-Unicode-Codierungskonflikt.jpg","contentUrl":"https:\/\/studiosony.at\/wp-content\/uploads\/2023\/09\/cropped-Logo-fuer-HP_wb-Unicode-Codierungskonflikt.jpg","width":1500,"height":458,"caption":"Studiosony"},"image":{"@id":"https:\/\/studiosony.at\/#\/schema\/logo\/image\/"}}]}},"jetpack_sharing_enabled":true,"_links":{"self":[{"href":"https:\/\/studiosony.at\/index.php\/wp-json\/wp\/v2\/pages\/94"}],"collection":[{"href":"https:\/\/studiosony.at\/index.php\/wp-json\/wp\/v2\/pages"}],"about":[{"href":"https:\/\/studiosony.at\/index.php\/wp-json\/wp\/v2\/types\/page"}],"author":[{"embeddable":true,"href":"https:\/\/studiosony.at\/index.php\/wp-json\/wp\/v2\/users\/1"}],"replies":[{"embeddable":true,"href":"https:\/\/studiosony.at\/index.php\/wp-json\/wp\/v2\/comments?post=94"}],"version-history":[{"count":2,"href":"https:\/\/studiosony.at\/index.php\/wp-json\/wp\/v2\/pages\/94\/revisions"}],"predecessor-version":[{"id":114,"href":"https:\/\/studiosony.at\/index.php\/wp-json\/wp\/v2\/pages\/94\/revisions\/114"}],"wp:attachment":[{"href":"https:\/\/studiosony.at\/index.php\/wp-json\/wp\/v2\/media?parent=94"}],"curies":[{"name":"wp","href":"https:\/\/api.w.org\/{rel}","templated":true}]}}